{"id":471,"date":"2025-02-04T11:49:33","date_gmt":"2025-02-04T11:49:33","guid":{"rendered":"https:\/\/stop-producciones.com\/?page_id=471"},"modified":"2025-02-04T12:02:41","modified_gmt":"2025-02-04T12:02:41","slug":"aviso-legal","status":"publish","type":"page","link":"https:\/\/stop-producciones.com\/index.php\/aviso-legal\/","title":{"rendered":"AVISO LEGAL"},"content":{"rendered":"\t\t<div data-elementor-type=\"wp-page\" data-elementor-id=\"471\" class=\"elementor elementor-471\">\n\t\t\t\t\t\t\t<div class=\"elementor-element elementor-element-bdb3db3 e-flex e-con-boxed e-con e-parent\" data-id=\"bdb3db3\" data-element_type=\"container\" data-settings=\"{&quot;content_width&quot;:&quot;boxed&quot;}\" data-core-v316-plus=\"true\">\n\t\t\t\t\t<div class=\"e-con-inner\">\n\t\t\t\t<div class=\"elementor-element elementor-element-cc07096 elementor-widget elementor-widget-text-editor\" data-id=\"cc07096\" data-element_type=\"widget\" data-widget_type=\"text-editor.default\">\n\t\t\t\t<div class=\"elementor-widget-container\">\n\t\t\t<style>\/*! elementor - v3.17.0 - 25-10-2023 *\/\n.elementor-widget-text-editor.elementor-drop-cap-view-stacked .elementor-drop-cap{background-color:#69727d;color:#fff}.elementor-widget-text-editor.elementor-drop-cap-view-framed .elementor-drop-cap{color:#69727d;border:3px solid;background-color:transparent}.elementor-widget-text-editor:not(.elementor-drop-cap-view-default) .elementor-drop-cap{margin-top:8px}.elementor-widget-text-editor:not(.elementor-drop-cap-view-default) .elementor-drop-cap-letter{width:1em;height:1em}.elementor-widget-text-editor .elementor-drop-cap{float:left;text-align:center;line-height:1;font-size:50px}.elementor-widget-text-editor .elementor-drop-cap-letter{display:inline-block}<\/style>\t\t\t\t<h1>Aviso Legal<\/h1><p>En cumplimiento con el deber de informaci\u00f3n recogido en art\u00edculo 10 de la Ley 34\/2002, de 11 de julio, de Servicios de la Sociedad de la Informaci\u00f3n y de Comercio Electr\u00f3nico, se reflejan de manera gratuita las condiciones generales que regulan el acceso y utilizaci\u00f3n de la presente p\u00e1gina web, la cual est\u00e1 constituida y asociada bajo el siguiente dominio: <a href=\"https:\/\/stop-producciones.com\/\">https:\/\/stop-producciones.com\/\u00a0<\/a><\/p><p>La empresa titular de esta p\u00e1gina web (en adelante, web) es <strong>BORINA PRODUCCIONES SL<\/strong>, con domicilio en <strong>C\/ Santa Isabel 11, 50003 Zaragoza<\/strong>, n\u00famero de C.I.F. <strong>B99052409.<\/strong>\u00a0Los medios de contacto facilitados son <strong>tel.: 976 29 96 38<\/strong>; <strong>email: miguel@stopproducciones.com<\/strong><\/p>\t\t\t\t\t\t<\/div>\n\t\t\t\t<\/div>\n\t\t\t\t\t<\/div>\n\t\t\t\t<\/div>\n\t\t<div class=\"elementor-element elementor-element-e3fc8af e-flex e-con-boxed e-con e-parent\" data-id=\"e3fc8af\" data-element_type=\"container\" data-settings=\"{&quot;content_width&quot;:&quot;boxed&quot;}\" data-core-v316-plus=\"true\">\n\t\t\t\t\t<div class=\"e-con-inner\">\n\t\t\t\t<div class=\"elementor-element elementor-element-ee8530c elementor-widget elementor-widget-text-editor\" data-id=\"ee8530c\" data-element_type=\"widget\" data-widget_type=\"text-editor.default\">\n\t\t\t\t<div class=\"elementor-widget-container\">\n\t\t\t\t\t\t\t<h2>Usuarios<\/h2><p>Acciones como el registro y acceso al \u00abPortal\u00bb de la pagina web o contacto en el <span style=\"color: #17365d;\"><strong>formulario<\/strong><\/span> disponible, supondr\u00e1n la atribuci\u00f3n de la condici\u00f3n de <strong>USUARIO<\/strong> a la parte interesada, aceptando desde el libre ejercicio de dicho registro o contacto, el presente <span style=\"color: #17365d;\"><strong>\u00abAviso Legal\u00bb<\/strong><\/span> y la <span style=\"color: #17365d;\"><strong>\u00abPol\u00edtica de Privacidad\u00bb<\/strong><\/span> aqu\u00ed disponibles.<\/p>\t\t\t\t\t\t<\/div>\n\t\t\t\t<\/div>\n\t\t\t\t\t<\/div>\n\t\t\t\t<\/div>\n\t\t<div class=\"elementor-element elementor-element-4708c18 e-flex e-con-boxed e-con e-parent\" data-id=\"4708c18\" data-element_type=\"container\" data-settings=\"{&quot;content_width&quot;:&quot;boxed&quot;}\" data-core-v316-plus=\"true\">\n\t\t\t\t\t<div class=\"e-con-inner\">\n\t\t\t\t<div class=\"elementor-element elementor-element-a987a17 elementor-widget elementor-widget-text-editor\" data-id=\"a987a17\" data-element_type=\"widget\" data-widget_type=\"text-editor.default\">\n\t\t\t\t<div class=\"elementor-widget-container\">\n\t\t\t\t\t\t\t<h2>Portal<\/h2><p>La p\u00e1gina web facilita informaci\u00f3n online sobre nuestros servicios <b>\u00abMANAGEMENT Y BOOKING\u00bb <\/b>(en adelante, \u00abservicios\u00bb) pertenecientes a <strong>BORINA PRODUCCIONES\u00a0SL<\/strong>\u00a0y\/o sus colaboradores, a los que el <strong>USUARIO<\/strong> puede tener acceso.<\/p><p>El <strong>USUARIO<\/strong> es responsable de las acciones acometidas en el Portal, incluyendo el propio registro de acceso, o la seguridad de la contrase\u00f1a de acceso establecida por este, y siempre recomendando un uso responsable, diligente y confidencial de la misma. Ante la posible habilitaci\u00f3n de chats, blogs, y secci\u00f3n de comentarios o noticias, el <strong>USUARIO<\/strong> se compromete a hacer un uso adecuado y responsable que <strong>BORINA PRODUCCIONES SL<\/strong>\u00a0ofrece a trav\u00e9s de su p\u00e1gina web, especialmente evitando acciones que puedan:<\/p><ul><li>Derivar en actividades ilegales, contrarias a la buena fe y al orden p\u00fablico;<\/li><li>Difundir contenidos ofensivos de car\u00e1cter xen\u00f3fobo, sexual, de apolog\u00eda del terrorismo o atentatorio contra los derechos humanos.<\/li><li>Da\u00f1ar los sistemas de hardware y software de <strong>BORINA PRODUCCIONES SL<\/strong>, o de sus colaboradores, mediante malwares o cualesquiera otro m\u00e9todo susceptible de provocar los da\u00f1os a la integridad del sistema o la privacidad de la informaci\u00f3n contenida.<\/li><li>Irrumpir y, utilizar las cuentas de otros USUARIOS para la manipulaci\u00f3n de la seguridad de las cuentas o la autenticidad de las mensajes publicados.<\/li><\/ul><p><strong>BORINA PRODUCCIONES SL<\/strong> se reserva el derecho de eliminar y ocultar aquellos comentarios que no cumplan lo anteriormente descrito, y que a su juicio no resultaran adecuados para su publicaci\u00f3n. En cualquier caso, <strong>BORINA PRODUCCIONES SL<\/strong>\u00a0no ser\u00e1 responsable de los comentarios y contenidos compartidos por los <strong>USUARIOS<\/strong> en la web y\/o Portal.<\/p>\t\t\t\t\t\t<\/div>\n\t\t\t\t<\/div>\n\t\t\t\t\t<\/div>\n\t\t\t\t<\/div>\n\t\t<div class=\"elementor-element elementor-element-b1c5787 e-flex e-con-boxed e-con e-parent\" data-id=\"b1c5787\" data-element_type=\"container\" data-settings=\"{&quot;content_width&quot;:&quot;boxed&quot;}\" data-core-v316-plus=\"true\">\n\t\t\t\t\t<div class=\"e-con-inner\">\n\t\t\t\t<div class=\"elementor-element elementor-element-b1a2fb5 elementor-widget elementor-widget-text-editor\" data-id=\"b1a2fb5\" data-element_type=\"widget\" data-widget_type=\"text-editor.default\">\n\t\t\t\t<div class=\"elementor-widget-container\">\n\t\t\t\t\t\t\t<h2>Propiedad intelectual e industrial<\/h2><p><strong>BORINA PRODUCCIONES\u00a0SL<\/strong>, por s\u00ed o como cesionaria, es propietaria de los derechos de propiedad intelectual de la p\u00e1gina web y de todos los elementos que la conforman (t\u00edtulo enunciativo, im\u00e1genes, sonido, audio, video, software o textos; marcas o logotipos, combinaciones de colores, estructura y dise\u00f1o, selecci\u00f3n de materiales usados, programas de ordenador necesarios para su funcionamiento, acceso y uso, dominio, c\u00f3digo fuente etc.)<\/p><p>Corresponde al autor el ejercicio exclusivo de los derechos de explotaci\u00f3n de su obra en cualquier forma y en especial, los derechos de reproducci\u00f3n, distribuci\u00f3n, comunicaci\u00f3n p\u00fablica y transformaci\u00f3n, que no podr\u00e1n ser realizadas sin su autorizaci\u00f3n, salvo en los casos previstos en la presente Ley.<\/p><p>Tanto los <strong>USUARIOS<\/strong>, como aquellos que simplemente visiten la p\u00e1gina web, respetar\u00e1n todos los derechos de propiedad intelectual e industrial de <strong>BORINA PRODUCCIONES\u00a0SL<\/strong>, sin perjuicio de autorizar la visualizaci\u00f3n, impresi\u00f3n y almacenamiento del contenido del sitio Web, ya sea total o parcial, s\u00f3lo y exclusivamente si concurren las siguientes condiciones:<\/p><ul><li>\u00c1nimo exclusivo de obtener la informaci\u00f3n para uso personal y privado. Se proh\u00edbe expresamente su utilizaci\u00f3n para fines comerciales o il\u00edcitos.<\/li><li>Respeto de la integridad de los contenidos del sitio Web, prohibi\u00e9ndose expresamente cualquier modificaci\u00f3n de los mismos.<\/li><\/ul><p>A su vez, <strong>BORINA PRODUCCIONES\u00a0SL<\/strong> es titular de los derechos de propiedad intelectual e industrial referidos sobre sus productos y servicios. Respecto a las difusi\u00f3n de productos y servicios de terceros, <strong>BORINA PRODUCCIONES\u00a0SL<\/strong> reconoce a favor de sus titulares los correspondientes derechos de propiedad industrial e intelectual, no implicando que por ello su menci\u00f3n o aparici\u00f3n en el sitio Web derive en derechos o responsabilidades de <strong>BORINA PRODUCCIONES\u00a0SL<\/strong>\u00a0sobre los mismos, al igual que tampoco existe alg\u00fan tipo de respaldo, patrocinio, o recomendaci\u00f3n por nuestra parte a no ser que se manifieste de manera expresa.<\/p><p>La utilizaci\u00f3n no autorizada de la informaci\u00f3n contenida en el sitio Web, su reventa, as\u00ed como la lesi\u00f3n de los derechos de Propiedad Intelectual o Industrial de <strong>BORINA PRODUCCIONES\u00a0SL<\/strong>\u00a0dar\u00e1 lugar a las responsabilidades legalmente establecidas.<\/p>\t\t\t\t\t\t<\/div>\n\t\t\t\t<\/div>\n\t\t\t\t\t<\/div>\n\t\t\t\t<\/div>\n\t\t<div class=\"elementor-element elementor-element-3ccc6c4 e-flex e-con-boxed e-con e-parent\" data-id=\"3ccc6c4\" data-element_type=\"container\" data-settings=\"{&quot;content_width&quot;:&quot;boxed&quot;}\" data-core-v316-plus=\"true\">\n\t\t\t\t\t<div class=\"e-con-inner\">\n\t\t\t\t<div class=\"elementor-element elementor-element-e5450a1 elementor-widget elementor-widget-text-editor\" data-id=\"e5450a1\" data-element_type=\"widget\" data-widget_type=\"text-editor.default\">\n\t\t\t\t<div class=\"elementor-widget-container\">\n\t\t\t\t\t\t\t<h2>Modificaciones &#8211; Integridad de la informaci\u00f3n publicada<\/h2><p>Con el fin de mejorar las prestaciones del sitio Web, <strong>BORINA PRODUCCIONES\u00a0SL<\/strong>\u00a0se reserva la facultad de efectuar, en cualquier momento y sin necesidad de previo aviso, modificaciones y actualizaciones de la informaci\u00f3n contenida en el sitio Web, de la configuraci\u00f3n y dise\u00f1o de \u00e9ste y del presente Aviso Legal, as\u00ed como de cualesquiera otras condiciones particulares.<\/p><p>Las citadas condiciones del Aviso Legal estar\u00e1n vigentes hasta que sean modificadas y publicadas por otras versiones m\u00e1s actualizadas.<\/p>\t\t\t\t\t\t<\/div>\n\t\t\t\t<\/div>\n\t\t\t\t\t<\/div>\n\t\t\t\t<\/div>\n\t\t<div class=\"elementor-element elementor-element-47c9e8e e-flex e-con-boxed e-con e-parent\" data-id=\"47c9e8e\" data-element_type=\"container\" data-settings=\"{&quot;content_width&quot;:&quot;boxed&quot;}\" data-core-v316-plus=\"true\">\n\t\t\t\t\t<div class=\"e-con-inner\">\n\t\t\t\t<div class=\"elementor-element elementor-element-b55aac1 elementor-widget elementor-widget-text-editor\" data-id=\"b55aac1\" data-element_type=\"widget\" data-widget_type=\"text-editor.default\">\n\t\t\t\t<div class=\"elementor-widget-container\">\n\t\t\t\t\t\t\t<h2>Modificaciones:<br \/>Integridad de los tipos de productos y servicios ofrecidos y publicados<\/h2><p><strong>BORINA PRODUCCIONES SL<\/strong>\u00a0se reserva el derecho de efectuar sin previo aviso las modificaciones que considere oportunas en la p\u00e1gina web, pudiendo modificar, eliminar o a\u00f1adir tanto los contenidos, productos y servicios que se presten a trav\u00e9s de la misma en la forma que el titular de la web considere m\u00e1s oportuna.<\/p>\t\t\t\t\t\t<\/div>\n\t\t\t\t<\/div>\n\t\t\t\t\t<\/div>\n\t\t\t\t<\/div>\n\t\t<div class=\"elementor-element elementor-element-7754727 e-flex e-con-boxed e-con e-parent\" data-id=\"7754727\" data-element_type=\"container\" data-settings=\"{&quot;content_width&quot;:&quot;boxed&quot;}\" data-core-v316-plus=\"true\">\n\t\t\t\t\t<div class=\"e-con-inner\">\n\t\t\t\t<div class=\"elementor-element elementor-element-0c1b876 elementor-widget elementor-widget-text-editor\" data-id=\"0c1b876\" data-element_type=\"widget\" data-widget_type=\"text-editor.default\">\n\t\t\t\t<div class=\"elementor-widget-container\">\n\t\t\t\t\t\t\t<h2>Hiperv\u00ednculos<\/h2><p>En el caso de que en la p\u00e1gina web, se adjunten hiperv\u00ednculos que faciliten el acceso a otras web ajenas, como redes sociales, <strong>BORINA PRODUCCIONES SL<\/strong>\u00a0no ejercer\u00e1 ning\u00fan control sobre tales sitios y sus contenidos.<\/p><p><strong>BORINA PRODUCCIONES SL<\/strong>\u00a0no ser\u00e1 responsable de las p\u00e1ginas web enlazadas, ni garantizar\u00e1 su calidad, disponibilidad t\u00e9cnica, exactitud, amplitud, veracidad, fiabilidad, validez y constitucionalidad de cualquier contenido en ninguno de los hiperv\u00ednculos que permita a otros sitios de Internet.<\/p><p>Igualmente, la disponibilidad de tales hiperv\u00ednculos no deriva impl\u00edcitamente a la consumaci\u00f3n de ning\u00fan tipo de fusi\u00f3n, colaboraci\u00f3n o participaci\u00f3n con las entidades vinculadas. Sin perjuicio de la posibilidad, de que algunos enlaces est\u00e9n previamente consensuados con el titular de la web enlazada con fines de contraprestaci\u00f3n por las acciones realizadas libremente por el <strong>USUARIO <\/strong>(Marketing de afiliaci\u00f3n). Sin embargo, tal situaci\u00f3n no afectar\u00e1 en ning\u00fan caso sobre la ausencia de responsabilidad que <strong>BORINA PRODUCCIONES SL<\/strong>\u00a0tiene sobre la independencia de responsabilidades sobre el contenido en la web enlazada.<\/p>\t\t\t\t\t\t<\/div>\n\t\t\t\t<\/div>\n\t\t\t\t\t<\/div>\n\t\t\t\t<\/div>\n\t\t<div class=\"elementor-element elementor-element-9cea0b3 e-flex e-con-boxed e-con e-parent\" data-id=\"9cea0b3\" data-element_type=\"container\" data-settings=\"{&quot;content_width&quot;:&quot;boxed&quot;}\" data-core-v316-plus=\"true\">\n\t\t\t\t\t<div class=\"e-con-inner\">\n\t\t\t\t<div class=\"elementor-element elementor-element-eefce64 elementor-widget elementor-widget-text-editor\" data-id=\"eefce64\" data-element_type=\"widget\" data-widget_type=\"text-editor.default\">\n\t\t\t\t<div class=\"elementor-widget-container\">\n\t\t\t\t\t\t\t<h2>Art\u00edculos y Colaboraciones existentes en nuestro sitio Web<\/h2><p><strong>BORINA PRODUCCIONES SL<\/strong>\u00a0no se hace responsable de las opiniones de terceros que hayan sido publicadas en nuestro sitio web ni coincide necesariamente con estas sin perjuicio de servir de cauce de expresi\u00f3n para que los lectores puedan formar su opini\u00f3n libremente y seg\u00fan su propio criterio.<\/p>\t\t\t\t\t\t<\/div>\n\t\t\t\t<\/div>\n\t\t\t\t\t<\/div>\n\t\t\t\t<\/div>\n\t\t<div class=\"elementor-element elementor-element-9efc8b9 e-flex e-con-boxed e-con e-parent\" data-id=\"9efc8b9\" data-element_type=\"container\" data-settings=\"{&quot;content_width&quot;:&quot;boxed&quot;}\" data-core-v316-plus=\"true\">\n\t\t\t\t\t<div class=\"e-con-inner\">\n\t\t\t\t<div class=\"elementor-element elementor-element-4e92d93 elementor-widget elementor-widget-text-editor\" data-id=\"4e92d93\" data-element_type=\"widget\" data-widget_type=\"text-editor.default\">\n\t\t\t\t<div class=\"elementor-widget-container\">\n\t\t\t\t\t\t\t<h2>Cumplimiento<\/h2><p><strong>BORINA PRODUCCIONES SL<\/strong> ante el incumplimiento de las presentes condiciones del Aviso Legal sobre su p\u00e1gina web, el titular ejercer\u00e1 todas las acciones civiles y penales disponibles que le puedan corresponder seg\u00fan la legislaci\u00f3n vigente.<\/p>\t\t\t\t\t\t<\/div>\n\t\t\t\t<\/div>\n\t\t\t\t\t<\/div>\n\t\t\t\t<\/div>\n\t\t<div class=\"elementor-element elementor-element-d4b54fa e-flex e-con-boxed e-con e-parent\" data-id=\"d4b54fa\" data-element_type=\"container\" data-settings=\"{&quot;content_width&quot;:&quot;boxed&quot;}\" data-core-v316-plus=\"true\">\n\t\t\t\t\t<div class=\"e-con-inner\">\n\t\t\t\t<div class=\"elementor-element elementor-element-b100fd2 elementor-widget elementor-widget-text-editor\" data-id=\"b100fd2\" data-element_type=\"widget\" data-widget_type=\"text-editor.default\">\n\t\t\t\t<div class=\"elementor-widget-container\">\n\t\t\t\t\t\t\t<h2>Formulario de contacto<\/h2><p>Este formulario tiene un car\u00e1cter meramente informativo sin que en ning\u00fan caso pueda derivarse necesariamente una respuesta a las comunicaciones efectuadas por este medio ni de la respuesta, si la hubiese, puede derivarse efecto jur\u00eddico vinculante alguno para <strong>BORINA PRODUCCIONES\u00a0SL<\/strong>, sus socios, asociados o sus colaboradores.<\/p>\t\t\t\t\t\t<\/div>\n\t\t\t\t<\/div>\n\t\t\t\t\t<\/div>\n\t\t\t\t<\/div>\n\t\t<div class=\"elementor-element elementor-element-524eac2 e-flex e-con-boxed e-con e-parent\" data-id=\"524eac2\" data-element_type=\"container\" data-settings=\"{&quot;content_width&quot;:&quot;boxed&quot;}\" data-core-v316-plus=\"true\">\n\t\t\t\t\t<div class=\"e-con-inner\">\n\t\t\t\t<div class=\"elementor-element elementor-element-9e2df1b elementor-widget elementor-widget-text-editor\" data-id=\"9e2df1b\" data-element_type=\"widget\" data-widget_type=\"text-editor.default\">\n\t\t\t\t<div class=\"elementor-widget-container\">\n\t\t\t\t\t\t\t<h2>Ley aplicable<\/h2><p>La ley aplicable en caso de disputa o conflicto de interpretaci\u00f3n de los t\u00e9rminos que conforman este Aviso legal, as\u00ed como cualquier cuesti\u00f3n relacionada con la informaci\u00f3n, o productos\/servicios disponibles en la presente p\u00e1gina web ser\u00e1 bajo la normativa europea y espa\u00f1ola.<\/p><ul><li>Ley 34\/2002, de 11 de julio, de servicios de la sociedad de la informaci\u00f3n y de comercio electr\u00f3nico (LSSI)<\/li><li>Reglamento (UE) 2016\/679 del Parlamento Europeo y del consejo de 27 de abril de 2016, relativo a la protecci\u00f3n de las personas f\u00edsicas en lo que respecta al tratamiento de datos personales y a la libre circulaci\u00f3n de estos datos<\/li><li>Ley org\u00e1nica 3\/2018, de 5 de diciembre, de Protecci\u00f3n de Datos Personales y garant\u00eda de los derechos digitales.<\/li><\/ul><p><strong>BORINA PRODUCCIONES SL<br \/>C\/ Santa Isabel 11 &#8211; 50003 Zaragoza\u00a0<br \/>Email: miguel@stopproducciones.com<\/strong><\/p><div class=\"enlaces-externos\"><p>1.- <a href=\"https:\/\/www.aepd.es\/politica-de-privacidad-y-aviso-legal\" target=\"_blank\" rel=\"noopener\"><em>Agencia Espa\u00f1ola de Protecci\u00f3n de Datos<\/em><\/a><\/p><p>2.- <a href=\"https:\/\/www.cnil.fr\/fr\/mentions-legales\" target=\"_blank\" rel=\"noopener\"><em>Commission Nationale de L&#8217;informatique et des Libert\u00e9s (CNIL) <\/em><\/a><\/p><p>3.- <a href=\"https:\/\/www.ccn-cert.cni.es\/es\/aviso-legal?format=html\" target=\"_blank\" rel=\"noopener\"><em>Centro Criptol\u00f3gico Nacional<\/em><\/a><\/p><\/div>\t\t\t\t\t\t<\/div>\n\t\t\t\t<\/div>\n\t\t\t\t\t<\/div>\n\t\t\t\t<\/div>\n\t\t\t\t\t\t\t<\/div>\n\t\t","protected":false},"excerpt":{"rendered":"<p>Aviso Legal En cumplimiento con el deber de informaci\u00f3n recogido en art\u00edculo 10 de la Ley 34\/2002, de 11 de julio, de Servicios de la Sociedad de la Informaci\u00f3n y de Comercio Electr\u00f3nico, se reflejan de manera gratuita las condiciones generales que regulan el acceso y utilizaci\u00f3n de la presente p\u00e1gina web, la cual est\u00e1 &#8230; <a title=\"AVISO LEGAL\" class=\"read-more\" href=\"https:\/\/stop-producciones.com\/index.php\/aviso-legal\/\" aria-label=\"M\u00e1s en AVISO LEGAL\">Leer m\u00e1s<\/a><\/p>\n","protected":false},"author":1,"featured_media":0,"parent":0,"menu_order":0,"comment_status":"closed","ping_status":"closed","template":"elementor_header_footer","meta":{"footnotes":""},"class_list":["post-471","page","type-page","status-publish"],"_links":{"self":[{"href":"https:\/\/stop-producciones.com\/index.php\/wp-json\/wp\/v2\/pages\/471","targetHints":{"allow":["GET"]}}],"collection":[{"href":"https:\/\/stop-producciones.com\/index.php\/wp-json\/wp\/v2\/pages"}],"about":[{"href":"https:\/\/stop-producciones.com\/index.php\/wp-json\/wp\/v2\/types\/page"}],"author":[{"embeddable":true,"href":"https:\/\/stop-producciones.com\/index.php\/wp-json\/wp\/v2\/users\/1"}],"replies":[{"embeddable":true,"href":"https:\/\/stop-producciones.com\/index.php\/wp-json\/wp\/v2\/comments?post=471"}],"version-history":[{"count":10,"href":"https:\/\/stop-producciones.com\/index.php\/wp-json\/wp\/v2\/pages\/471\/revisions"}],"predecessor-version":[{"id":482,"href":"https:\/\/stop-producciones.com\/index.php\/wp-json\/wp\/v2\/pages\/471\/revisions\/482"}],"wp:attachment":[{"href":"https:\/\/stop-producciones.com\/index.php\/wp-json\/wp\/v2\/media?parent=471"}],"curies":[{"name":"wp","href":"https:\/\/api.w.org\/{rel}","templated":true}]}}