{"id":486,"date":"2025-02-04T12:21:43","date_gmt":"2025-02-04T12:21:43","guid":{"rendered":"https:\/\/stop-producciones.com\/?page_id=486"},"modified":"2025-02-04T12:26:31","modified_gmt":"2025-02-04T12:26:31","slug":"politica-de-privacidad","status":"publish","type":"page","link":"https:\/\/stop-producciones.com\/index.php\/politica-de-privacidad\/","title":{"rendered":"POL\u00cdTICA DE PRIVACIDAD"},"content":{"rendered":"\t\t<div data-elementor-type=\"wp-page\" data-elementor-id=\"486\" class=\"elementor elementor-486\">\n\t\t\t\t\t\t\t\t\t<section class=\"elementor-section elementor-top-section elementor-element elementor-element-68fd263 elementor-section-boxed elementor-section-height-default elementor-section-height-default\" data-id=\"68fd263\" data-element_type=\"section\">\n\t\t\t\t\t\t<div class=\"elementor-container elementor-column-gap-default\">\n\t\t\t\t\t<div class=\"elementor-column elementor-col-100 elementor-top-column elementor-element elementor-element-bdcbc8f\" data-id=\"bdcbc8f\" data-element_type=\"column\">\n\t\t\t<div class=\"elementor-widget-wrap elementor-element-populated\">\n\t\t\t\t\t\t\t\t<div class=\"elementor-element elementor-element-d63ed18 elementor-widget elementor-widget-text-editor\" data-id=\"d63ed18\" data-element_type=\"widget\" data-widget_type=\"text-editor.default\">\n\t\t\t\t<div class=\"elementor-widget-container\">\n\t\t\t<style>\/*! elementor - v3.17.0 - 25-10-2023 *\/\n.elementor-widget-text-editor.elementor-drop-cap-view-stacked .elementor-drop-cap{background-color:#69727d;color:#fff}.elementor-widget-text-editor.elementor-drop-cap-view-framed .elementor-drop-cap{color:#69727d;border:3px solid;background-color:transparent}.elementor-widget-text-editor:not(.elementor-drop-cap-view-default) .elementor-drop-cap{margin-top:8px}.elementor-widget-text-editor:not(.elementor-drop-cap-view-default) .elementor-drop-cap-letter{width:1em;height:1em}.elementor-widget-text-editor .elementor-drop-cap{float:left;text-align:center;line-height:1;font-size:50px}.elementor-widget-text-editor .elementor-drop-cap-letter{display:inline-block}<\/style>\t\t\t\t<h1>Pol\u00edtica de Privacidad<\/h1><p>Con la finalidad de compatibilizar la transparencia de la informaci\u00f3n, con una f\u00e1cil comprensi\u00f3n en la forma de presentarla a los usuarios,<strong> BORINA PRODUCCIONES SL<\/strong>\u00a0presenta la pol\u00edtica de privacidad en dos fases (representaci\u00f3n multinivel o a <strong>doble capa<\/strong>). Mediante este sistema ofrecemos a nuestros visitantes y usuarios, informaci\u00f3n sobre el tratamiento de sus datos mediante una informaci\u00f3n m\u00e1s resumida y concisa como primera capa de informaci\u00f3n. En caso de requerir informaci\u00f3n m\u00e1s detallada, dispone de una segunda capa de informaci\u00f3n m\u00e1s extensa y detallada a trav\u00e9s del enlace: <span style=\"color: #333;\"><strong>\u00ab+ Informaci\u00f3n\u00bb<\/strong><\/span>. En ella se identifican los diferentes aspectos del tratamiento realizado por <strong>BORINA PRODUCCIONES SL<\/strong><\/p><table class=\"privacidad-tabla\"><thead><tr><th width=\"150px\">Ep\u00edgrafe<\/th><th>Descripci\u00f3n<\/th><th width=\"150px\">Enlace<\/th><\/tr><\/thead><tbody><tr class=\"titulos\"><td data-titulo=\"Ep\u00edgrafe:\">Responsable del tratamiento<\/td><td data-titulo=\"Descripci\u00f3n:\">Los datos tratados son los estrictamente necesarios, adecuados y pertinentes para cada finalidad.<\/td><td data-titulo=\"Enlace:\"><a href=\"#_Responsable_del_tratamiento\"><strong>+ Informaci\u00f3n<\/strong><\/a><\/td><\/tr><tr class=\"titulos\"><td data-titulo=\"Ep\u00edgrafe:\">Finalidad<\/td><td data-titulo=\"Descripci\u00f3n:\">La finalidad de los tratamientos de datos que se realicen estar\u00e1 de acuerdo a las actividades propias de los Departamentos de <strong>BORINA PRODUCCIONES SL<\/strong>\u00a0destacando principalmente: <strong>\u201dbooking y management\u201d<\/strong>.<\/td><td data-titulo=\"Enlace:\"><a href=\"#_Finalidad\"><strong>+ Informaci\u00f3n<\/strong><\/a><\/td><\/tr><tr class=\"titulos\"><td data-titulo=\"Ep\u00edgrafe:\">Legitimaci\u00f3n<\/td><td data-titulo=\"Descripci\u00f3n:\">El tratamiento de datos est\u00e1 basado en los supuestos recogidos en el art\u00edculo 6 del RGPD. En el caso de <strong>BORINA PRODUCCIONES SL<\/strong>\u00a0es habitual que dicho tratamiento se efect\u00fae cuando el interesado haya dado su consentimiento para el tratamiento de sus datos personales para uno o varios fines espec\u00edficos.<\/td><td data-titulo=\"Enlace:\"><a href=\"#_Base_juridica_del_tratamiento\"><strong>+ Informaci\u00f3n<\/strong><\/a><\/td><\/tr><tr class=\"titulos\"><td data-titulo=\"Ep\u00edgrafe:\">Conservaci\u00f3n de datos<\/td><td data-titulo=\"Descripci\u00f3n:\">Los datos personales proporcionados se conservar\u00e1n durante el tiempo necesario para cumplir con la finalidad para la que se recaban y para determinar las posibles responsabilidades que se pudieran derivar de la finalidad, adem\u00e1s de los per\u00edodos de conservaci\u00f3n legales que exigen su conservaci\u00f3n (Ej. Obligaciones tributarias)<\/td><td data-titulo=\"Enlace:\"><a href=\"#_Plazo_de_conservacion\"><strong>+ Informaci\u00f3n<\/strong><\/a><\/td><\/tr><tr class=\"titulos\"><td data-titulo=\"Ep\u00edgrafe:\">Comunicaci\u00f3n de datos<\/td><td data-titulo=\"Descripci\u00f3n:\"><p>Con car\u00e1cter general no se comunicar\u00e1n los datos personales a terceros, salvo obligaci\u00f3n legal:<\/p><ul><li>Administraci\u00f3n p\u00fablica competente<\/li><li>Bancos\/Entidades financieras<\/li><\/ul><\/td><td data-titulo=\"Enlace:\"><a href=\"#_Categorias_de_destinatarios\"><strong>+ Informaci\u00f3n<\/strong><\/a><\/td><\/tr><tr class=\"titulos\"><td data-titulo=\"Ep\u00edgrafe:\">Derechos de las partes interesadas<\/td><td data-titulo=\"Descripci\u00f3n:\">Reconocemos a nuestros visitantes y usuarios ejercer sus derechos de acceso, rectificaci\u00f3n, supresi\u00f3n y portabilidad de sus datos, de limitaci\u00f3n y oposici\u00f3n a su tratamiento, as\u00ed; como a no ser objeto de decisiones basadas \u00fanicamente en el tratamiento automatizado de sus datos, cuando proceda, ante la <a href=\"https:\/\/www.aepd.es\/\" target=\"_blank\" rel=\"noopener\"><strong>Agencia Espa\u00f1ola de Protecci\u00f3n de Datos<\/strong><\/a>.<\/td><td data-titulo=\"Enlace:\"><a href=\"#_Ejercer_derechos_de_control\"><strong>+ Informaci\u00f3n<\/strong><\/a><\/td><\/tr><tr class=\"titulos\"><td data-titulo=\"Ep\u00edgrafe:\">Info. Adicional<\/td><td data-titulo=\"Descripci\u00f3n:\"><p>Este sitio web utiliza cookies propias y de terceros para analizar el tr\u00e1fico de la red, as\u00ed como poder personalizar la informaci\u00f3n que ofrece a sus usuarios o promover sus servicios. Informaci\u00f3n para cambiar esta configuraci\u00f3n y obtener m\u00e1s detalles sobre nuestra pol\u00edtica de cookies en el bot\u00f3n <a href=\"\/politica-de-cookies\/\" target=\"_blank\" rel=\"noopener\"> <strong>\u00abPol\u00edtica de Cookies\u00bb<\/strong><\/a>.<\/p><p>La p\u00e1gina web de la que es titular <strong>BORINA PRODUCCIONES SL<\/strong><strong>\u00a0<\/strong>contiene hiperv\u00ednculos a otras p\u00e1ginas web de terceros, cuyas pol\u00edticas de privacidad son ajenas a la de esta administraci\u00f3n. Al acceder a tales sitios web usted puede decidir si acepta sus pol\u00edticas de privacidad y de cookies. Con car\u00e1cter general, si navega por internet usted puede aceptar o rechazar las cookies de terceros desde las opciones de configuraci\u00f3n de su navegador.<\/p><\/td><td data-titulo=\"Enlace:\"><a href=\"\/politica-de-cookies\/\" target=\"_blank\" rel=\"noopener\"> <strong>+ Pol\u00edtica de Cookies<\/strong><\/a><\/td><\/tr><\/tbody><\/table><h3>Responsable del tratamiento<\/h3><ul><li>Responsable:<strong> BORINA PRODUCCIONES SL<\/strong><\/li><li>CIF: <strong>B99052409<\/strong><\/li><li>Direcci\u00f3n:<strong> C\/ Santa Isabel 11, 50003 Zaragoza<\/strong><\/li><li>Tel\u00e9fono:<b> <strong>976 29 96 38<\/strong><\/b><\/li><li>Email: <strong>miguel@stopproducciones.com<\/strong><\/li><\/ul><p><a name=\"_Finalidad\"><\/a><\/p><h3>Finalidad<\/h3><ol type=\"a\"><li><strong>Prestaci\u00f3n de servicios a clientes actuales y\/o potenciales<\/strong><\/li><\/ol><p>Cl\u00ednica especializada en injerto capilar y medicina est\u00e9tica<\/p><p>Env\u00edo de informaci\u00f3n comercial de nuestros productos y\/o servicios<\/p><ol start=\"2\" type=\"a\"><li><strong>Proveedores y terceros<\/strong><\/li><\/ol><p>Externalizaci\u00f3n de servicios a terceros (sociedades, aut\u00f3nomos, fundaciones, asociaciones&#8230;)<\/p><ol start=\"3\" type=\"a\"><li><strong>Recursos Humanos<\/strong><\/li><\/ol><p>Gesti\u00f3n de personal laboral<\/p><p>Expediente personal. Control horario. Incompatibilidades. Formaci\u00f3n. Planes de pensiones. Prevenci\u00f3n de riesgos laborales.<\/p><p>Emisi\u00f3n de la n\u00f3mina del personal, as\u00ed como de todos los productos derivados de la misma.<\/p><p>Gesti\u00f3n de la actividad sindical (en su caso).<\/p><ol start=\"4\" type=\"a\"><li><strong>Videovigilancia<\/strong><\/li><\/ol><p>Garantizar la seguridad de personas, bienes e instalaciones.<\/p><h3><a name=\"_Base_juridica_del_tratamiento\"><\/a> Base jur\u00eddica del tratamiento<\/h3><ul><li>RGPD: 6.1.a) el interesado dio su consentimiento para el tratamiento de sus datos personales para uno o varios fines espec\u00edficos;<\/li><li>RGPD: 6.1.b) Tratamiento necesario para la ejecuci\u00f3n de un contrato en el que el interesado es parte o para la aplicaci\u00f3n a petici\u00f3n de \u00e9ste de medidas precontractuales;<\/li><li>RGPD: 6.1. c) el tratamiento es necesario para el cumplimiento de una obligaci\u00f3n legal aplicable al responsable del tratamiento;<\/li><li>Reglamento General de Protecci\u00f3n de Datos;<\/li><li>Ley org\u00e1nica 3\/2018, de 5 de diciembre, de Protecci\u00f3n de Datos Personales y garant\u00eda de los derechos digitales;<\/li><li>Ley 34\/2002, de 11 de julio, de servicios de la sociedad de la informaci\u00f3n y de comercio electr\u00f3nico (Aplicable en mensajer\u00eda, rrss y ventas online)<\/li><\/ul><p><span style=\"color: #17365d;\"><strong>*<\/strong><\/span> \u00abVd. tiene derecho a retirar el consentimiento prestado\u00bb.<\/p><h3>Colectivos<\/h3><ul><li>Clientes y usuario actuales y potenciales<\/li><li>Profesionales y colaboradores<\/li><li>Trabajadores y potenciales candidatos<\/li><li>Personas f\u00edsicas que transitan en las instalaciones de la Entidad<\/li><\/ul><h3>Categor\u00edas de datos personales<\/h3><ul><li>Identificativos (nombre, apellidos, NIF, direcci\u00f3n postal, tel\u00e9fono, direcci\u00f3n de correo electr\u00f3nico, p\u00e1gina web)<\/li><li>Otros datos personales<\/li><li>Datos bancarios<\/li><li>Informaci\u00f3n Comercial<\/li><li>Compraventa de bienes o de servicios<\/li><\/ul><h3><a name=\"_Categorias_de_destinatarios\"><\/a> Categor\u00edas de destinatarios<\/h3><p>Los datos personales de los clientes ser\u00e1n comunicados a los siguientes destinatarios:<\/p><ul><li>Administraciones p\u00fablicas (Ej. Agencia Tributaria; Seguridad Social)<\/li><li>Organismos judiciales \u00abEn su caso\u00bb (Tribunales)<\/li><li>Entidades financieras (Bancos)<\/li><li>Entidades colaboradoras<\/li><\/ul><h3>Transferencias internacionales<\/h3><p>No est\u00e1n previstas transferencias internacionales de datos.<\/p><h3><a name=\"_Plazo_de_conservacion\"><\/a> Plazo de conservaci\u00f3n de los datos<\/h3><p>Se conservar\u00e1n durante el tiempo necesario para cumplir con la finalidad para la que se recabaron y para determinar las posibles responsabilidades que se pudieran derivar de dicha finalidad y del tratamiento de los datos.<\/p><h3>Medidas de seguridad<\/h3><p>En cumplimiento con lo dispuesto en el art\u00edculo 32 del RGPD, <strong>BORINA PRODUCCIONES SL<\/strong><strong>\u00a0<\/strong>garantizar\u00e1 la confidencialidad, integridad, disponibilidad y resiliencia permanentes de los sistemas y servicios de tratamiento. El nivel de seguridad ser\u00e1 proporcional al riesgo en el tratamiento de cada tipo de datos personales.<\/p><h3><a name=\"_Ejercer_derechos_de_control\"><\/a> Ejercer derechos de control sobre sus datos<\/h3><p>Reconocemos a nuestros visitantes y usuarios sus derechos de acceso, rectificaci\u00f3n, supresi\u00f3n y portabilidad de sus datos, y la limitaci\u00f3n u oposici\u00f3n a su tratamiento, que pueden ejercitar en la forma legalmente prevista en las direcciones arriba indicadas.<\/p><p>Para m\u00e1s informaci\u00f3n sobre como ejercer sus derechos, la autoridad de control espa\u00f1ola, la Agencia Espa\u00f1ola de Protecci\u00f3n de Datos, le facilita el siguiente enlace con su descripci\u00f3n y formulario para enviarnos la solicitud a nosotros: <a href=\"https:\/\/www.aepd.es\/derechos-y-deberes\/ejerce-tus-derechos\" target=\"_blank\" rel=\"noopener\"><strong>Ejercer derechos<\/strong><\/a><\/p><p>Para cualquier informaci\u00f3n o dudas que necesite resolver sobre el tratamiento de sus datos por parte de <strong>BORINA PRODUCCIONES SL<\/strong>, puede ponerse en contacto mediante el correo electr\u00f3nico facilitado: <strong>miguel@stopproducciones.com<\/strong><\/p><h3>Reclamaci\u00f3n (queja) a la AEPD<\/h3><p>Si usted siente, despu\u00e9s de contactarnos, considera que sus derechos a sus datos no est\u00e1n siendo respetados, puede hacer una queja a la <a href=\"https:\/\/www.aepd.es\/\" target=\"_blank\" rel=\"noopener\">AEPD<\/a>.<\/p><p><strong>BORINA PRODUCCIONES SL<\/strong><br \/>\u00a0<strong>C\/ Santa Isabel 11, 50003 Zaragoza<\/strong><br \/><strong>Email: miguel@stopproducciones.com<\/strong><\/p><div class=\"enlaces-externos\"><p>1.- <a href=\"https:\/\/www.cnil.fr\/fr\/donnees-personnelles\" target=\"_blank\" rel=\"noopener\"><em>La Commission Nationale de l&#8217;informatique et des Libert\u00e9s<\/em><\/a><\/p><p>2.- <a href=\"https:\/\/www.aepd.es\/politica-de-privacidad-y-aviso-legal\" target=\"_blank\" rel=\"noopener\">La Agencia Espa\u00f1ola de Protecci\u00f3n de Datos<\/a><\/p><p>3.- <a href=\"https:\/\/www.aragon.es\/politica-de-privacidad\/\" target=\"_blank\" rel=\"noopener\"><em>Gobierno de Arag\u00f3n<\/em><\/a><\/p><\/div>\t\t\t\t\t\t<\/div>\n\t\t\t\t<\/div>\n\t\t\t\t\t<\/div>\n\t\t<\/div>\n\t\t\t\t\t\t\t<\/div>\n\t\t<\/section>\n\t\t\t\t\t\t\t<\/div>\n\t\t","protected":false},"excerpt":{"rendered":"<p>Pol\u00edtica de Privacidad Con la finalidad de compatibilizar la transparencia de la informaci\u00f3n, con una f\u00e1cil comprensi\u00f3n en la forma de presentarla a los usuarios, BORINA PRODUCCIONES SL\u00a0presenta la pol\u00edtica de privacidad en dos fases (representaci\u00f3n multinivel o a doble capa). Mediante este sistema ofrecemos a nuestros visitantes y usuarios, informaci\u00f3n sobre el tratamiento de &#8230; <a title=\"POL\u00cdTICA DE PRIVACIDAD\" class=\"read-more\" href=\"https:\/\/stop-producciones.com\/index.php\/politica-de-privacidad\/\" aria-label=\"M\u00e1s en POL\u00cdTICA DE PRIVACIDAD\">Leer m\u00e1s<\/a><\/p>\n","protected":false},"author":1,"featured_media":0,"parent":0,"menu_order":0,"comment_status":"closed","ping_status":"closed","template":"elementor_header_footer","meta":{"footnotes":""},"class_list":["post-486","page","type-page","status-publish"],"_links":{"self":[{"href":"https:\/\/stop-producciones.com\/index.php\/wp-json\/wp\/v2\/pages\/486","targetHints":{"allow":["GET"]}}],"collection":[{"href":"https:\/\/stop-producciones.com\/index.php\/wp-json\/wp\/v2\/pages"}],"about":[{"href":"https:\/\/stop-producciones.com\/index.php\/wp-json\/wp\/v2\/types\/page"}],"author":[{"embeddable":true,"href":"https:\/\/stop-producciones.com\/index.php\/wp-json\/wp\/v2\/users\/1"}],"replies":[{"embeddable":true,"href":"https:\/\/stop-producciones.com\/index.php\/wp-json\/wp\/v2\/comments?post=486"}],"version-history":[{"count":4,"href":"https:\/\/stop-producciones.com\/index.php\/wp-json\/wp\/v2\/pages\/486\/revisions"}],"predecessor-version":[{"id":491,"href":"https:\/\/stop-producciones.com\/index.php\/wp-json\/wp\/v2\/pages\/486\/revisions\/491"}],"wp:attachment":[{"href":"https:\/\/stop-producciones.com\/index.php\/wp-json\/wp\/v2\/media?parent=486"}],"curies":[{"name":"wp","href":"https:\/\/api.w.org\/{rel}","templated":true}]}}